{"id":1137,"date":"2024-11-18T13:18:15","date_gmt":"2024-11-18T12:18:15","guid":{"rendered":"https:\/\/www.talentq.es\/?page_id=1137"},"modified":"2026-04-08T12:06:07","modified_gmt":"2026-04-08T10:06:07","slug":"masterclasses","status":"publish","type":"page","link":"https:\/\/www.talentq.es\/es_es\/masterclasses\/","title":{"rendered":"Masterclasses"},"content":{"rendered":"\n\n\n\n\n\n\n\n\n\n\n\n\n\n","protected":false},"excerpt":{"rendered":"","protected":false},"author":3,"featured_media":0,"parent":0,"menu_order":0,"comment_status":"closed","ping_status":"closed","template":"full-width","meta":{"saved_in_kubio":true,"footnotes":""},"class_list":["post-1137","page","type-page","status-publish","hentry"],"kubio_ai_page_context":{"short_desc":"","purpose":"general"},"yoast_head":"<!-- This site is optimized with the Yoast SEO plugin v27.4 - https:\/\/yoast.com\/product\/yoast-seo-wordpress\/ -->\n<title>Masterclasses |<\/title>\n<meta name=\"description\" content=\"Escuelas y talleres de computaci\u00f3n cu\u00e1ntica.\" \/>\n<meta name=\"robots\" content=\"index, follow, max-snippet:-1, max-image-preview:large, max-video-preview:-1\" \/>\n<link rel=\"canonical\" href=\"https:\/\/www.talentq.es\/es_es\/masterclasses\/\" \/>\n<meta property=\"og:locale\" content=\"es_ES\" \/>\n<meta property=\"og:type\" content=\"article\" \/>\n<meta property=\"og:title\" content=\"Masterclasses |\" \/>\n<meta property=\"og:description\" content=\"Escuelas y talleres de computaci\u00f3n cu\u00e1ntica.\" \/>\n<meta property=\"og:url\" content=\"https:\/\/www.talentq.es\/es_es\/masterclasses\/\" \/>\n<meta property=\"article:modified_time\" content=\"2026-04-08T10:06:07+00:00\" \/>\n<meta property=\"og:image\" content=\"https:\/\/www.talentq.es\/wp-content\/uploads\/2024\/11\/Captura-de-pantalla-2024-05-30-134816-1.png\" \/>\n<meta name=\"twitter:card\" content=\"summary_large_image\" \/>\n<meta name=\"twitter:site\" content=\"@QuantumSpain_ES\" \/>\n<meta name=\"twitter:label1\" content=\"Tiempo de lectura\" \/>\n\t<meta name=\"twitter:data1\" content=\"3 minutos\" \/>\n<!-- \/ Yoast SEO plugin. -->","yoast_head_json":{"title":"Masterclasses |","description":"Escuelas y talleres de computaci\u00f3n cu\u00e1ntica.","robots":{"index":"index","follow":"follow","max-snippet":"max-snippet:-1","max-image-preview":"max-image-preview:large","max-video-preview":"max-video-preview:-1"},"canonical":"https:\/\/www.talentq.es\/es_es\/masterclasses\/","og_locale":"es_ES","og_type":"article","og_title":"Masterclasses |","og_description":"Escuelas y talleres de computaci\u00f3n cu\u00e1ntica.","og_url":"https:\/\/www.talentq.es\/es_es\/masterclasses\/","article_modified_time":"2026-04-08T10:06:07+00:00","og_image":[{"url":"https:\/\/www.talentq.es\/wp-content\/uploads\/2024\/11\/Captura-de-pantalla-2024-05-30-134816-1.png","type":"","width":"","height":""}],"twitter_card":"summary_large_image","twitter_site":"@QuantumSpain_ES","twitter_misc":{"Tiempo de lectura":"3 minutos"},"schema":{"@context":"https:\/\/schema.org","@graph":[{"@type":"WebPage","@id":"https:\/\/www.talentq.es\/masterclasses\/","url":"https:\/\/www.talentq.es\/masterclasses\/","name":"Masterclasses |","isPartOf":{"@id":"https:\/\/www.talentq.es\/#website"},"primaryImageOfPage":{"@id":"https:\/\/www.talentq.es\/masterclasses\/#primaryimage"},"image":{"@id":"https:\/\/www.talentq.es\/masterclasses\/#primaryimage"},"thumbnailUrl":"https:\/\/www.talentq.es\/wp-content\/uploads\/2024\/11\/Captura-de-pantalla-2024-05-30-134816-1.png","datePublished":"2024-11-18T12:18:15+00:00","dateModified":"2026-04-08T10:06:07+00:00","description":"Escuelas y talleres de computaci\u00f3n cu\u00e1ntica.","breadcrumb":{"@id":"https:\/\/www.talentq.es\/masterclasses\/#breadcrumb"},"inLanguage":"es","potentialAction":[{"@type":"ReadAction","target":["https:\/\/www.talentq.es\/masterclasses\/"]}]},{"@type":"ImageObject","inLanguage":"es","@id":"https:\/\/www.talentq.es\/masterclasses\/#primaryimage","url":"https:\/\/www.talentq.es\/wp-content\/uploads\/2024\/11\/Captura-de-pantalla-2024-05-30-134816-1.png","contentUrl":"https:\/\/www.talentq.es\/wp-content\/uploads\/2024\/11\/Captura-de-pantalla-2024-05-30-134816-1.png"},{"@type":"BreadcrumbList","@id":"https:\/\/www.talentq.es\/masterclasses\/#breadcrumb","itemListElement":[{"@type":"ListItem","position":1,"name":"Portada","item":"https:\/\/www.talentq.es\/"},{"@type":"ListItem","position":2,"name":"Masterclasses"}]},{"@type":"WebSite","@id":"https:\/\/www.talentq.es\/#website","url":"https:\/\/www.talentq.es\/","name":"TalentQ","description":"S\u00e9 parte del futuro de la computaci\u00f3n cu\u00e1ntica en Espa\u00f1a","publisher":{"@id":"https:\/\/www.talentq.es\/#organization"},"alternateName":"TQ","potentialAction":[{"@type":"SearchAction","target":{"@type":"EntryPoint","urlTemplate":"https:\/\/www.talentq.es\/?s={search_term_string}"},"query-input":{"@type":"PropertyValueSpecification","valueRequired":true,"valueName":"search_term_string"}}],"inLanguage":"es"},{"@type":"Organization","@id":"https:\/\/www.talentq.es\/#organization","name":"TalentQ","url":"https:\/\/www.talentq.es\/","logo":{"@type":"ImageObject","inLanguage":"es","@id":"https:\/\/www.talentq.es\/#\/schema\/logo\/image\/","url":"https:\/\/www.talentq.es\/wp-content\/uploads\/2024\/06\/QuantumSpain_logo_color_2.png","contentUrl":"https:\/\/www.talentq.es\/wp-content\/uploads\/2024\/06\/QuantumSpain_logo_color_2.png","width":365,"height":72,"caption":"TalentQ"},"image":{"@id":"https:\/\/www.talentq.es\/#\/schema\/logo\/image\/"},"sameAs":["https:\/\/x.com\/QuantumSpain_ES","https:\/\/www.linkedin.com\/company\/quantum-spain-project\/","https:\/\/www.youtube.com\/@Quantum_Spain_Project"]}]}},"_links":{"self":[{"href":"https:\/\/www.talentq.es\/es_es\/wp-json\/wp\/v2\/pages\/1137","targetHints":{"allow":["GET"]}}],"collection":[{"href":"https:\/\/www.talentq.es\/es_es\/wp-json\/wp\/v2\/pages"}],"about":[{"href":"https:\/\/www.talentq.es\/es_es\/wp-json\/wp\/v2\/types\/page"}],"author":[{"embeddable":true,"href":"https:\/\/www.talentq.es\/es_es\/wp-json\/wp\/v2\/users\/3"}],"replies":[{"embeddable":true,"href":"https:\/\/www.talentq.es\/es_es\/wp-json\/wp\/v2\/comments?post=1137"}],"version-history":[{"count":8,"href":"https:\/\/www.talentq.es\/es_es\/wp-json\/wp\/v2\/pages\/1137\/revisions"}],"predecessor-version":[{"id":2202,"href":"https:\/\/www.talentq.es\/es_es\/wp-json\/wp\/v2\/pages\/1137\/revisions\/2202"}],"wp:attachment":[{"href":"https:\/\/www.talentq.es\/es_es\/wp-json\/wp\/v2\/media?parent=1137"}],"curies":[{"name":"wp","href":"https:\/\/api.w.org\/{rel}","templated":true}]}}