{"id":174,"date":"2024-02-21T13:34:50","date_gmt":"2024-02-21T12:34:50","guid":{"rendered":"https:\/\/www.talentq.es\/?page_id=174"},"modified":"2024-11-08T10:04:08","modified_gmt":"2024-11-08T09:04:08","slug":"contacto","status":"publish","type":"page","link":"https:\/\/www.talentq.es\/es_es\/contacto\/","title":{"rendered":"Contacto"},"content":{"rendered":"","protected":false},"excerpt":{"rendered":"","protected":false},"author":2,"featured_media":0,"parent":0,"menu_order":0,"comment_status":"closed","ping_status":"closed","template":"full-width","meta":{"saved_in_kubio":true,"footnotes":""},"class_list":["post-174","page","type-page","status-publish","hentry"],"kubio_ai_page_context":{"short_desc":"","purpose":"general"},"yoast_head":"<!-- This site is optimized with the Yoast SEO plugin v27.5 - https:\/\/yoast.com\/product\/yoast-seo-wordpress\/ -->\n<title>Contacto |<\/title>\n<meta name=\"robots\" content=\"index, follow, max-snippet:-1, max-image-preview:large, max-video-preview:-1\" \/>\n<link rel=\"canonical\" href=\"https:\/\/www.talentq.es\/es_es\/contacto\/\" \/>\n<meta property=\"og:locale\" content=\"es_ES\" \/>\n<meta property=\"og:type\" content=\"article\" \/>\n<meta property=\"og:title\" content=\"Contacto |\" \/>\n<meta property=\"og:url\" content=\"https:\/\/www.talentq.es\/es_es\/contacto\/\" \/>\n<meta property=\"article:modified_time\" content=\"2024-11-08T09:04:08+00:00\" \/>\n<meta name=\"twitter:card\" content=\"summary_large_image\" \/>\n<meta name=\"twitter:site\" content=\"@QuantumSpain_ES\" \/>\n<!-- \/ Yoast SEO plugin. -->","yoast_head_json":{"title":"Contacto |","robots":{"index":"index","follow":"follow","max-snippet":"max-snippet:-1","max-image-preview":"max-image-preview:large","max-video-preview":"max-video-preview:-1"},"canonical":"https:\/\/www.talentq.es\/es_es\/contacto\/","og_locale":"es_ES","og_type":"article","og_title":"Contacto |","og_url":"https:\/\/www.talentq.es\/es_es\/contacto\/","article_modified_time":"2024-11-08T09:04:08+00:00","twitter_card":"summary_large_image","twitter_site":"@QuantumSpain_ES","schema":{"@context":"https:\/\/schema.org","@graph":[{"@type":"WebPage","@id":"https:\/\/www.talentq.es\/contacto\/","url":"https:\/\/www.talentq.es\/contacto\/","name":"Contacto |","isPartOf":{"@id":"https:\/\/www.talentq.es\/#website"},"datePublished":"2024-02-21T12:34:50+00:00","dateModified":"2024-11-08T09:04:08+00:00","breadcrumb":{"@id":"https:\/\/www.talentq.es\/contacto\/#breadcrumb"},"inLanguage":"es","potentialAction":[{"@type":"ReadAction","target":["https:\/\/www.talentq.es\/contacto\/"]}]},{"@type":"BreadcrumbList","@id":"https:\/\/www.talentq.es\/contacto\/#breadcrumb","itemListElement":[{"@type":"ListItem","position":1,"name":"Portada","item":"https:\/\/www.talentq.es\/"},{"@type":"ListItem","position":2,"name":"Contacto"}]},{"@type":"WebSite","@id":"https:\/\/www.talentq.es\/#website","url":"https:\/\/www.talentq.es\/","name":"TalentQ","description":"S\u00e9 parte del futuro de la computaci\u00f3n cu\u00e1ntica en Espa\u00f1a","publisher":{"@id":"https:\/\/www.talentq.es\/#organization"},"alternateName":"TQ","potentialAction":[{"@type":"SearchAction","target":{"@type":"EntryPoint","urlTemplate":"https:\/\/www.talentq.es\/?s={search_term_string}"},"query-input":{"@type":"PropertyValueSpecification","valueRequired":true,"valueName":"search_term_string"}}],"inLanguage":"es"},{"@type":"Organization","@id":"https:\/\/www.talentq.es\/#organization","name":"TalentQ","url":"https:\/\/www.talentq.es\/","logo":{"@type":"ImageObject","inLanguage":"es","@id":"https:\/\/www.talentq.es\/#\/schema\/logo\/image\/","url":"https:\/\/www.talentq.es\/wp-content\/uploads\/2024\/06\/QuantumSpain_logo_color_2.png","contentUrl":"https:\/\/www.talentq.es\/wp-content\/uploads\/2024\/06\/QuantumSpain_logo_color_2.png","width":365,"height":72,"caption":"TalentQ"},"image":{"@id":"https:\/\/www.talentq.es\/#\/schema\/logo\/image\/"},"sameAs":["https:\/\/x.com\/QuantumSpain_ES","https:\/\/www.linkedin.com\/company\/quantum-spain-project\/","https:\/\/www.youtube.com\/@Quantum_Spain_Project"]}]}},"_links":{"self":[{"href":"https:\/\/www.talentq.es\/es_es\/wp-json\/wp\/v2\/pages\/174","targetHints":{"allow":["GET"]}}],"collection":[{"href":"https:\/\/www.talentq.es\/es_es\/wp-json\/wp\/v2\/pages"}],"about":[{"href":"https:\/\/www.talentq.es\/es_es\/wp-json\/wp\/v2\/types\/page"}],"author":[{"embeddable":true,"href":"https:\/\/www.talentq.es\/es_es\/wp-json\/wp\/v2\/users\/2"}],"replies":[{"embeddable":true,"href":"https:\/\/www.talentq.es\/es_es\/wp-json\/wp\/v2\/comments?post=174"}],"version-history":[{"count":5,"href":"https:\/\/www.talentq.es\/es_es\/wp-json\/wp\/v2\/pages\/174\/revisions"}],"predecessor-version":[{"id":1051,"href":"https:\/\/www.talentq.es\/es_es\/wp-json\/wp\/v2\/pages\/174\/revisions\/1051"}],"wp:attachment":[{"href":"https:\/\/www.talentq.es\/es_es\/wp-json\/wp\/v2\/media?parent=174"}],"curies":[{"name":"wp","href":"https:\/\/api.w.org\/{rel}","templated":true}]}}